{"id":32,"date":"2022-02-16T01:11:18","date_gmt":"2022-02-16T01:11:18","guid":{"rendered":"https:\/\/www.jhtimonen.fi\/?page_id=32"},"modified":"2025-08-28T09:04:15","modified_gmt":"2025-08-28T07:04:15","slug":"etusivu","status":"publish","type":"page","link":"https:\/\/www.jhtimonen.fi\/","title":{"rendered":"Etusivu"},"content":{"rendered":"\t\t<div data-elementor-type=\"wp-page\" data-elementor-id=\"32\" class=\"elementor elementor-32\">\n\t\t\t\t\t\t<section class=\"elementor-section elementor-top-section elementor-element elementor-element-ac432d0 elementor-section-boxed elementor-section-height-default elementor-section-height-default\" data-id=\"ac432d0\" data-element_type=\"section\" data-e-type=\"section\" data-settings=\"{&quot;background_background&quot;:&quot;classic&quot;}\">\n\t\t\t\t\t\t\t<div class=\"elementor-background-overlay\"><\/div>\n\t\t\t\t\t\t\t<div class=\"elementor-container elementor-column-gap-default\">\n\t\t\t\t\t<div class=\"elementor-column elementor-col-100 elementor-top-column elementor-element elementor-element-aa99f13 elementor-invisible\" data-id=\"aa99f13\" data-element_type=\"column\" data-e-type=\"column\" data-settings=\"{&quot;animation&quot;:&quot;fadeInLeft&quot;}\">\n\t\t\t<div class=\"elementor-widget-wrap elementor-element-populated\">\n\t\t\t\t\t\t<div class=\"elementor-element elementor-element-c726198 elementor-widget elementor-widget-heading\" data-id=\"c726198\" data-element_type=\"widget\" data-e-type=\"widget\" data-widget_type=\"heading.default\">\n\t\t\t\t<div class=\"elementor-widget-container\">\n\t\t\t\t\t<h2 class=\"elementor-heading-title elementor-size-default\">Hannan ArjenApu &amp; JH Timonen Oy<\/h2>\t\t\t\t<\/div>\n\t\t\t\t<\/div>\n\t\t\t\t<div class=\"elementor-element elementor-element-a261866 elementor-widget-divider--view-line elementor-widget elementor-widget-divider\" data-id=\"a261866\" data-element_type=\"widget\" data-e-type=\"widget\" data-widget_type=\"divider.default\">\n\t\t\t\t<div class=\"elementor-widget-container\">\n\t\t\t\t\t\t\t<div class=\"elementor-divider\">\n\t\t\t<span class=\"elementor-divider-separator\">\n\t\t\t\t\t\t<\/span>\n\t\t<\/div>\n\t\t\t\t\t\t<\/div>\n\t\t\t\t<\/div>\n\t\t\t\t<div class=\"elementor-element elementor-element-d6adc33 elementor-widget elementor-widget-text-editor\" data-id=\"d6adc33\" data-element_type=\"widget\" data-e-type=\"widget\" data-widget_type=\"text-editor.default\">\n\t\t\t\t<div class=\"elementor-widget-container\">\n\t\t\t\t\t\t\t\t\t<p>Arjen apua ja rakennuttamispalveluita.<\/p><p>Yrityksemme sijaitsee Keravalla, mutta toimimme my\u00f6s l\u00e4hialueilla.<\/p>\t\t\t\t\t\t\t\t<\/div>\n\t\t\t\t<\/div>\n\t\t\t\t\t<\/div>\n\t\t<\/div>\n\t\t\t\t\t<\/div>\n\t\t<\/section>\n\t\t\t\t<section class=\"elementor-section elementor-top-section elementor-element elementor-element-3344a45 elementor-section-boxed elementor-section-height-default elementor-section-height-default\" data-id=\"3344a45\" data-element_type=\"section\" data-e-type=\"section\">\n\t\t\t\t\t\t<div class=\"elementor-container elementor-column-gap-default\">\n\t\t\t\t\t<div class=\"elementor-column elementor-col-100 elementor-top-column elementor-element elementor-element-56ab751\" data-id=\"56ab751\" data-element_type=\"column\" data-e-type=\"column\">\n\t\t\t<div class=\"elementor-widget-wrap elementor-element-populated\">\n\t\t\t\t\t\t<section class=\"elementor-section elementor-inner-section elementor-element elementor-element-229f7e3 elementor-section-boxed elementor-section-height-default elementor-section-height-default\" data-id=\"229f7e3\" data-element_type=\"section\" data-e-type=\"section\">\n\t\t\t\t\t\t<div class=\"elementor-container elementor-column-gap-default\">\n\t\t\t\t\t<div class=\"elementor-column elementor-col-50 elementor-inner-column elementor-element elementor-element-29c4679\" data-id=\"29c4679\" data-element_type=\"column\" data-e-type=\"column\" data-settings=\"{&quot;background_background&quot;:&quot;classic&quot;}\">\n\t\t\t<div class=\"elementor-widget-wrap elementor-element-populated\">\n\t\t\t\t\t\t<div class=\"elementor-element elementor-element-adbd375 elementor-widget elementor-widget-image\" data-id=\"adbd375\" data-element_type=\"widget\" data-e-type=\"widget\" data-widget_type=\"image.default\">\n\t\t\t\t<div class=\"elementor-widget-container\">\n\t\t\t\t\t\t\t\t\t\t\t\t\t\t\t<img fetchpriority=\"high\" decoding=\"async\" width=\"1024\" height=\"576\" src=\"https:\/\/www.jhtimonen.fi\/wp-content\/uploads\/2022\/02\/3-scaled-e1645435401938-1024x576.jpg\" class=\"attachment-large size-large wp-image-73\" alt=\"\" srcset=\"https:\/\/www.jhtimonen.fi\/wp-content\/uploads\/2022\/02\/3-scaled-e1645435401938-1024x576.jpg 1024w, https:\/\/www.jhtimonen.fi\/wp-content\/uploads\/2022\/02\/3-scaled-e1645435401938-300x169.jpg 300w, https:\/\/www.jhtimonen.fi\/wp-content\/uploads\/2022\/02\/3-scaled-e1645435401938-768x432.jpg 768w, https:\/\/www.jhtimonen.fi\/wp-content\/uploads\/2022\/02\/3-scaled-e1645435401938-1536x864.jpg 1536w, https:\/\/www.jhtimonen.fi\/wp-content\/uploads\/2022\/02\/3-scaled-e1645435401938-2048x1152.jpg 2048w\" sizes=\"(max-width: 1024px) 100vw, 1024px\" \/>\t\t\t\t\t\t\t\t\t\t\t\t\t\t\t<\/div>\n\t\t\t\t<\/div>\n\t\t\t\t<div class=\"elementor-element elementor-element-1f5565a elementor-widget elementor-widget-heading\" data-id=\"1f5565a\" data-element_type=\"widget\" data-e-type=\"widget\" data-widget_type=\"heading.default\">\n\t\t\t\t<div class=\"elementor-widget-container\">\n\t\t\t\t\t<h2 class=\"elementor-heading-title elementor-size-default\">Hannan ArjenApu<\/h2>\t\t\t\t<\/div>\n\t\t\t\t<\/div>\n\t\t\t\t<div class=\"elementor-element elementor-element-ca9e93b elementor-widget elementor-widget-text-editor\" data-id=\"ca9e93b\" data-element_type=\"widget\" data-e-type=\"widget\" data-widget_type=\"text-editor.default\">\n\t\t\t\t<div class=\"elementor-widget-container\">\n\t\t\t\t\t\t\t\t\t<p>Haluan tarjota r\u00e4\u00e4t\u00e4l\u00f6ity\u00e4 siivouspalvelua juuri sinun arkeesi. Mietit\u00e4\u00e4n yhdess\u00e4, mit\u00e4 apua tarvitset. Tarvitsetko s\u00e4\u00e4nn\u00f6llist\u00e4 siivousta vai apua kaappien ja varaston siivouksessa ja tavaroiden karsimisessa. Siivousta teen itsen\u00e4isesti sek\u00e4 yhdess\u00e4 asiakkaan kanssa. Mik\u00e4 olisi sinun arkeesi sopiva ratkaisu?<\/p>\t\t\t\t\t\t\t\t<\/div>\n\t\t\t\t<\/div>\n\t\t\t\t<div class=\"elementor-element elementor-element-2c819ea elementor-align-center elementor-widget elementor-widget-button\" data-id=\"2c819ea\" data-element_type=\"widget\" data-e-type=\"widget\" data-widget_type=\"button.default\">\n\t\t\t\t<div class=\"elementor-widget-container\">\n\t\t\t\t\t\t\t\t\t<div class=\"elementor-button-wrapper\">\n\t\t\t\t\t<a class=\"elementor-button elementor-button-link elementor-size-sm\" href=\"https:\/\/www.jhtimonen.fi\/index.php\/hannan-arjenapu-palvelut\/\">\n\t\t\t\t\t\t<span class=\"elementor-button-content-wrapper\">\n\t\t\t\t\t\t\t\t\t<span class=\"elementor-button-text\">Lue lis\u00e4\u00e4<\/span>\n\t\t\t\t\t<\/span>\n\t\t\t\t\t<\/a>\n\t\t\t\t<\/div>\n\t\t\t\t\t\t\t\t<\/div>\n\t\t\t\t<\/div>\n\t\t\t\t\t<\/div>\n\t\t<\/div>\n\t\t\t\t<div class=\"elementor-column elementor-col-50 elementor-inner-column elementor-element elementor-element-1e4d7df\" data-id=\"1e4d7df\" data-element_type=\"column\" data-e-type=\"column\" data-settings=\"{&quot;background_background&quot;:&quot;classic&quot;}\">\n\t\t\t<div class=\"elementor-widget-wrap elementor-element-populated\">\n\t\t\t\t\t\t<div class=\"elementor-element elementor-element-03ffe58 elementor-widget elementor-widget-image\" data-id=\"03ffe58\" data-element_type=\"widget\" data-e-type=\"widget\" data-widget_type=\"image.default\">\n\t\t\t\t<div class=\"elementor-widget-container\">\n\t\t\t\t\t\t\t\t\t\t\t\t\t\t\t<img decoding=\"async\" width=\"1024\" height=\"576\" src=\"https:\/\/www.jhtimonen.fi\/wp-content\/uploads\/2022\/02\/1-1024x576.jpg\" class=\"attachment-large size-large wp-image-71\" alt=\"\" srcset=\"https:\/\/www.jhtimonen.fi\/wp-content\/uploads\/2022\/02\/1-1024x576.jpg 1024w, https:\/\/www.jhtimonen.fi\/wp-content\/uploads\/2022\/02\/1-300x169.jpg 300w, https:\/\/www.jhtimonen.fi\/wp-content\/uploads\/2022\/02\/1-768x432.jpg 768w, https:\/\/www.jhtimonen.fi\/wp-content\/uploads\/2022\/02\/1-1536x864.jpg 1536w, https:\/\/www.jhtimonen.fi\/wp-content\/uploads\/2022\/02\/1-2048x1152.jpg 2048w\" sizes=\"(max-width: 1024px) 100vw, 1024px\" \/>\t\t\t\t\t\t\t\t\t\t\t\t\t\t\t<\/div>\n\t\t\t\t<\/div>\n\t\t\t\t<div class=\"elementor-element elementor-element-a81c7a3 elementor-widget elementor-widget-heading\" data-id=\"a81c7a3\" data-element_type=\"widget\" data-e-type=\"widget\" data-widget_type=\"heading.default\">\n\t\t\t\t<div class=\"elementor-widget-container\">\n\t\t\t\t\t<h2 class=\"elementor-heading-title elementor-size-default\">JH Timonen Oy<\/h2>\t\t\t\t<\/div>\n\t\t\t\t<\/div>\n\t\t\t\t<div class=\"elementor-element elementor-element-d18d3b4 elementor-widget elementor-widget-text-editor\" data-id=\"d18d3b4\" data-element_type=\"widget\" data-e-type=\"widget\" data-widget_type=\"text-editor.default\">\n\t\t\t\t<div class=\"elementor-widget-container\">\n\t\t\t\t\t\t\t\t\t<p>Tarvitsetko yksil\u00f6llist\u00e4 korjaussuunnittelua tai valvontaa remonttiin. Olipa kyse taloyhti\u00f6st\u00e4 tai yksityisen omistamasta asunnosta tai kiinteist\u00f6st\u00e4, erilaiset korjausprojektit kylpp\u00e4riremontista linjasaneeraukseen ja erilaisiin kosteusvauriokorjauksiin ovat tuttuja. Suunnittelun ja tarvittavat rakennuttamispalvelut teen itse ja korjauksiin etsin sopivan urakoitsijan.<\/p>\t\t\t\t\t\t\t\t<\/div>\n\t\t\t\t<\/div>\n\t\t\t\t<div class=\"elementor-element elementor-element-dbd5d62 elementor-align-center elementor-widget elementor-widget-button\" data-id=\"dbd5d62\" data-element_type=\"widget\" data-e-type=\"widget\" data-widget_type=\"button.default\">\n\t\t\t\t<div class=\"elementor-widget-container\">\n\t\t\t\t\t\t\t\t\t<div class=\"elementor-button-wrapper\">\n\t\t\t\t\t<a class=\"elementor-button elementor-button-link elementor-size-sm\" href=\"https:\/\/www.jhtimonen.fi\/index.php\/jh-timonen-oy\/\">\n\t\t\t\t\t\t<span class=\"elementor-button-content-wrapper\">\n\t\t\t\t\t\t\t\t\t<span class=\"elementor-button-text\">Lue lis\u00e4\u00e4<\/span>\n\t\t\t\t\t<\/span>\n\t\t\t\t\t<\/a>\n\t\t\t\t<\/div>\n\t\t\t\t\t\t\t\t<\/div>\n\t\t\t\t<\/div>\n\t\t\t\t\t<\/div>\n\t\t<\/div>\n\t\t\t\t\t<\/div>\n\t\t<\/section>\n\t\t\t\t\t<\/div>\n\t\t<\/div>\n\t\t\t\t\t<\/div>\n\t\t<\/section>\n\t\t\t\t<\/div>\n\t\t","protected":false},"excerpt":{"rendered":"<p>Hannan ArjenApu &amp; JH Timonen Oy Arjen apua ja rakennuttamispalveluita. Yrityksemme sijaitsee Keravalla, mutta toimimme my\u00f6s l\u00e4hialueilla. Hannan ArjenApu Haluan tarjota r\u00e4\u00e4t\u00e4l\u00f6ity\u00e4 siivouspalvelua juuri sinun arkeesi. Mietit\u00e4\u00e4n yhdess\u00e4, mit\u00e4 apua tarvitset. Tarvitsetko s\u00e4\u00e4nn\u00f6llist\u00e4 siivousta vai apua kaappien ja varaston siivouksessa ja tavaroiden karsimisessa. Siivousta teen itsen\u00e4isesti sek\u00e4 yhdess\u00e4 asiakkaan kanssa. Mik\u00e4 olisi sinun arkeesi sopiva [&hellip;]<\/p>\n","protected":false},"author":1,"featured_media":0,"parent":0,"menu_order":0,"comment_status":"closed","ping_status":"closed","template":"elementor_header_footer","meta":{"footnotes":""},"class_list":["post-32","page","type-page","status-publish","hentry","entry"],"_links":{"self":[{"href":"https:\/\/www.jhtimonen.fi\/index.php\/wp-json\/wp\/v2\/pages\/32","targetHints":{"allow":["GET"]}}],"collection":[{"href":"https:\/\/www.jhtimonen.fi\/index.php\/wp-json\/wp\/v2\/pages"}],"about":[{"href":"https:\/\/www.jhtimonen.fi\/index.php\/wp-json\/wp\/v2\/types\/page"}],"author":[{"embeddable":true,"href":"https:\/\/www.jhtimonen.fi\/index.php\/wp-json\/wp\/v2\/users\/1"}],"replies":[{"embeddable":true,"href":"https:\/\/www.jhtimonen.fi\/index.php\/wp-json\/wp\/v2\/comments?post=32"}],"version-history":[{"count":81,"href":"https:\/\/www.jhtimonen.fi\/index.php\/wp-json\/wp\/v2\/pages\/32\/revisions"}],"predecessor-version":[{"id":570,"href":"https:\/\/www.jhtimonen.fi\/index.php\/wp-json\/wp\/v2\/pages\/32\/revisions\/570"}],"wp:attachment":[{"href":"https:\/\/www.jhtimonen.fi\/index.php\/wp-json\/wp\/v2\/media?parent=32"}],"curies":[{"name":"wp","href":"https:\/\/api.w.org\/{rel}","templated":true}]}}