{"id":38,"date":"2022-02-13T11:03:00","date_gmt":"2022-02-13T11:03:00","guid":{"rendered":"https:\/\/www.jhtimonen.fi\/?page_id=38"},"modified":"2025-08-28T09:22:51","modified_gmt":"2025-08-28T07:22:51","slug":"jh-timonen-oy","status":"publish","type":"page","link":"https:\/\/www.jhtimonen.fi\/index.php\/jh-timonen-oy\/","title":{"rendered":"JH Timonen Oy"},"content":{"rendered":"\t\t<div data-elementor-type=\"wp-page\" data-elementor-id=\"38\" class=\"elementor elementor-38\">\n\t\t\t\t\t\t<section class=\"elementor-section elementor-top-section elementor-element elementor-element-885e3a3 elementor-section-boxed elementor-section-height-default elementor-section-height-default\" data-id=\"885e3a3\" data-element_type=\"section\" data-e-type=\"section\" data-settings=\"{&quot;background_background&quot;:&quot;classic&quot;}\">\n\t\t\t\t\t\t\t<div class=\"elementor-background-overlay\"><\/div>\n\t\t\t\t\t\t\t<div class=\"elementor-container elementor-column-gap-default\">\n\t\t\t\t\t<div class=\"elementor-column elementor-col-100 elementor-top-column elementor-element elementor-element-efd3f13\" data-id=\"efd3f13\" data-element_type=\"column\" data-e-type=\"column\">\n\t\t\t<div class=\"elementor-widget-wrap elementor-element-populated\">\n\t\t\t\t\t\t<div class=\"elementor-element elementor-element-9f35301 elementor-widget elementor-widget-heading\" data-id=\"9f35301\" data-element_type=\"widget\" data-e-type=\"widget\" data-widget_type=\"heading.default\">\n\t\t\t\t<div class=\"elementor-widget-container\">\n\t\t\t\t\t<h2 class=\"elementor-heading-title elementor-size-default\">JH Timonen Oy<\/h2>\t\t\t\t<\/div>\n\t\t\t\t<\/div>\n\t\t\t\t\t<\/div>\n\t\t<\/div>\n\t\t\t\t\t<\/div>\n\t\t<\/section>\n\t\t\t\t<section class=\"elementor-section elementor-top-section elementor-element elementor-element-473794e elementor-section-boxed elementor-section-height-default elementor-section-height-default\" data-id=\"473794e\" data-element_type=\"section\" data-e-type=\"section\">\n\t\t\t\t\t\t<div class=\"elementor-container elementor-column-gap-default\">\n\t\t\t\t\t<div class=\"elementor-column elementor-col-100 elementor-top-column elementor-element elementor-element-c85f7f5\" data-id=\"c85f7f5\" data-element_type=\"column\" data-e-type=\"column\">\n\t\t\t<div class=\"elementor-widget-wrap elementor-element-populated\">\n\t\t\t\t\t\t<section class=\"elementor-section elementor-inner-section elementor-element elementor-element-3e87c56 elementor-section-boxed elementor-section-height-default elementor-section-height-default\" data-id=\"3e87c56\" data-element_type=\"section\" data-e-type=\"section\">\n\t\t\t\t\t\t<div class=\"elementor-container elementor-column-gap-default\">\n\t\t\t\t\t<div class=\"elementor-column elementor-col-100 elementor-inner-column elementor-element elementor-element-02dcf1e\" data-id=\"02dcf1e\" data-element_type=\"column\" data-e-type=\"column\">\n\t\t\t<div class=\"elementor-widget-wrap elementor-element-populated\">\n\t\t\t\t\t\t<div class=\"elementor-element elementor-element-5aa8c4c elementor-widget elementor-widget-heading\" data-id=\"5aa8c4c\" data-element_type=\"widget\" data-e-type=\"widget\" data-widget_type=\"heading.default\">\n\t\t\t\t<div class=\"elementor-widget-container\">\n\t\t\t\t\t<h2 class=\"elementor-heading-title elementor-size-default\">Rakennusalan rakennuttamispalvelut, korjaussuunnittelu, kilpailuttaminen, korjaust\u00f6iden valvonta.<\/h2>\t\t\t\t<\/div>\n\t\t\t\t<\/div>\n\t\t\t\t\t<\/div>\n\t\t<\/div>\n\t\t\t\t\t<\/div>\n\t\t<\/section>\n\t\t\t\t\t<\/div>\n\t\t<\/div>\n\t\t\t\t\t<\/div>\n\t\t<\/section>\n\t\t\t\t<section class=\"elementor-section elementor-top-section elementor-element elementor-element-c86e098 elementor-section-boxed elementor-section-height-default elementor-section-height-default\" data-id=\"c86e098\" data-element_type=\"section\" data-e-type=\"section\">\n\t\t\t\t\t\t<div class=\"elementor-container elementor-column-gap-default\">\n\t\t\t\t\t<div class=\"elementor-column elementor-col-100 elementor-top-column elementor-element elementor-element-1d56f28\" data-id=\"1d56f28\" data-element_type=\"column\" data-e-type=\"column\" data-settings=\"{&quot;background_background&quot;:&quot;classic&quot;}\">\n\t\t\t<div class=\"elementor-widget-wrap elementor-element-populated\">\n\t\t\t\t\t\t<section class=\"elementor-section elementor-inner-section elementor-element elementor-element-35de01c elementor-section-boxed elementor-section-height-default elementor-section-height-default\" data-id=\"35de01c\" data-element_type=\"section\" data-e-type=\"section\">\n\t\t\t\t\t\t<div class=\"elementor-container elementor-column-gap-default\">\n\t\t\t\t\t<div class=\"elementor-column elementor-col-50 elementor-inner-column elementor-element elementor-element-83717f5\" data-id=\"83717f5\" data-element_type=\"column\" data-e-type=\"column\">\n\t\t\t<div class=\"elementor-widget-wrap elementor-element-populated\">\n\t\t\t\t\t\t<div class=\"elementor-element elementor-element-99337a5 elementor-widget elementor-widget-heading\" data-id=\"99337a5\" data-element_type=\"widget\" data-e-type=\"widget\" data-widget_type=\"heading.default\">\n\t\t\t\t<div class=\"elementor-widget-container\">\n\t\t\t\t\t<h2 class=\"elementor-heading-title elementor-size-default\">Jari Timonen, rakennusinsin\u00f6\u00f6ri<\/h2>\t\t\t\t<\/div>\n\t\t\t\t<\/div>\n\t\t\t\t<div class=\"elementor-element elementor-element-bff8e34 elementor-widget elementor-widget-text-editor\" data-id=\"bff8e34\" data-element_type=\"widget\" data-e-type=\"widget\" data-widget_type=\"text-editor.default\">\n\t\t\t\t<div class=\"elementor-widget-container\">\n\t\t\t\t\t\t\t\t\t<p><strong>Askelkuja 3, 04220 Kerava<\/strong><br \/><strong>045-138 2499<\/strong><br \/><strong><a href=\"mailto:jari.timonen@jaritimonen.fi\">jari.timonen@jaritimonen.fi<\/a><\/strong><\/p><p>Olen toiminut yritt\u00e4j\u00e4n\u00e4 vuodesta 2006, ensi toiminimell\u00e4 ja 2021 alusta vaimon kanssa yhteisell\u00e4 osakeyhti\u00f6ll\u00e4.<\/p><p>Tarvitsetko yksil\u00f6llist\u00e4 korjaussuunnittelua tai valvontaa remonttiin. Olipa kyse taloyhti\u00f6st\u00e4 tai yksityisen omistamasta asunnosta tai kiinteist\u00f6st\u00e4, erilaiset korjausprojektit kylpp\u00e4riremontista linjasaneeraukseen ja erilaisiin kosteusvauriokorjauksiin ovat tuttuja. Suunnittelun ja tarvittavat rakennuttamispalvelut teen itse ja korjauksiin etsin sopivan urakoitsijan.<\/p>\t\t\t\t\t\t\t\t<\/div>\n\t\t\t\t<\/div>\n\t\t\t\t\t<\/div>\n\t\t<\/div>\n\t\t\t\t<div class=\"elementor-column elementor-col-50 elementor-inner-column elementor-element elementor-element-8ed7755\" data-id=\"8ed7755\" data-element_type=\"column\" data-e-type=\"column\">\n\t\t\t<div class=\"elementor-widget-wrap elementor-element-populated\">\n\t\t\t\t\t\t<div class=\"elementor-element elementor-element-f13b9f8 elementor-widget elementor-widget-image\" data-id=\"f13b9f8\" data-element_type=\"widget\" data-e-type=\"widget\" data-widget_type=\"image.default\">\n\t\t\t\t<div class=\"elementor-widget-container\">\n\t\t\t\t\t\t\t\t\t\t\t\t\t\t\t<img fetchpriority=\"high\" decoding=\"async\" width=\"722\" height=\"1024\" src=\"https:\/\/www.jhtimonen.fi\/wp-content\/uploads\/2025\/08\/Jari-722x1024.jpg\" class=\"attachment-large size-large wp-image-582\" alt=\"\" srcset=\"https:\/\/www.jhtimonen.fi\/wp-content\/uploads\/2025\/08\/Jari-722x1024.jpg 722w, https:\/\/www.jhtimonen.fi\/wp-content\/uploads\/2025\/08\/Jari-212x300.jpg 212w, https:\/\/www.jhtimonen.fi\/wp-content\/uploads\/2025\/08\/Jari-768x1089.jpg 768w, https:\/\/www.jhtimonen.fi\/wp-content\/uploads\/2025\/08\/Jari-1084x1536.jpg 1084w, https:\/\/www.jhtimonen.fi\/wp-content\/uploads\/2025\/08\/Jari.jpg 1171w\" sizes=\"(max-width: 722px) 100vw, 722px\" \/>\t\t\t\t\t\t\t\t\t\t\t\t\t\t\t<\/div>\n\t\t\t\t<\/div>\n\t\t\t\t\t<\/div>\n\t\t<\/div>\n\t\t\t\t\t<\/div>\n\t\t<\/section>\n\t\t\t\t<div class=\"elementor-element elementor-element-cf44a08 elementor-align-left elementor-widget elementor-widget-button\" data-id=\"cf44a08\" data-element_type=\"widget\" data-e-type=\"widget\" data-widget_type=\"button.default\">\n\t\t\t\t<div class=\"elementor-widget-container\">\n\t\t\t\t\t\t\t\t\t<div class=\"elementor-button-wrapper\">\n\t\t\t\t\t<a class=\"elementor-button elementor-button-link elementor-size-sm\" href=\"https:\/\/www.jhtimonen.fi\/wp-content\/uploads\/2025\/08\/Referenssiluettelo-JH-Timonen-Oy-2025.pdf\" target=\"_blank\">\n\t\t\t\t\t\t<span class=\"elementor-button-content-wrapper\">\n\t\t\t\t\t\t\t\t\t<span class=\"elementor-button-text\">Referenssiluettelo<\/span>\n\t\t\t\t\t<\/span>\n\t\t\t\t\t<\/a>\n\t\t\t\t<\/div>\n\t\t\t\t\t\t\t\t<\/div>\n\t\t\t\t<\/div>\n\t\t\t\t<div class=\"elementor-element elementor-element-b2c3e3a elementor-align-left elementor-widget elementor-widget-button\" data-id=\"b2c3e3a\" data-element_type=\"widget\" data-e-type=\"widget\" data-widget_type=\"button.default\">\n\t\t\t\t<div class=\"elementor-widget-container\">\n\t\t\t\t\t\t\t\t\t<div class=\"elementor-button-wrapper\">\n\t\t\t\t\t<a class=\"elementor-button elementor-button-link elementor-size-sm\" href=\"https:\/\/www.jhtimonen.fi\/index.php\/jari-timonen\/\">\n\t\t\t\t\t\t<span class=\"elementor-button-content-wrapper\">\n\t\t\t\t\t\t\t\t\t<span class=\"elementor-button-text\">Tietoa minusta<\/span>\n\t\t\t\t\t<\/span>\n\t\t\t\t\t<\/a>\n\t\t\t\t<\/div>\n\t\t\t\t\t\t\t\t<\/div>\n\t\t\t\t<\/div>\n\t\t\t\t\t<\/div>\n\t\t<\/div>\n\t\t\t\t\t<\/div>\n\t\t<\/section>\n\t\t\t\t<\/div>\n\t\t","protected":false},"excerpt":{"rendered":"<p>JH Timonen Oy Rakennusalan rakennuttamispalvelut, korjaussuunnittelu, kilpailuttaminen, korjaust\u00f6iden valvonta. Jari Timonen, rakennusinsin\u00f6\u00f6ri Askelkuja 3, 04220 Kerava045-138 2499jari.timonen@jaritimonen.fi Olen toiminut yritt\u00e4j\u00e4n\u00e4 vuodesta 2006, ensi toiminimell\u00e4 ja 2021 alusta vaimon kanssa yhteisell\u00e4 osakeyhti\u00f6ll\u00e4. Tarvitsetko yksil\u00f6llist\u00e4 korjaussuunnittelua tai valvontaa remonttiin. Olipa kyse taloyhti\u00f6st\u00e4 tai yksityisen omistamasta asunnosta tai kiinteist\u00f6st\u00e4, erilaiset korjausprojektit kylpp\u00e4riremontista linjasaneeraukseen ja erilaisiin kosteusvauriokorjauksiin ovat tuttuja. [&hellip;]<\/p>\n","protected":false},"author":1,"featured_media":0,"parent":0,"menu_order":0,"comment_status":"closed","ping_status":"closed","template":"elementor_header_footer","meta":{"footnotes":""},"class_list":["post-38","page","type-page","status-publish","hentry","entry"],"_links":{"self":[{"href":"https:\/\/www.jhtimonen.fi\/index.php\/wp-json\/wp\/v2\/pages\/38","targetHints":{"allow":["GET"]}}],"collection":[{"href":"https:\/\/www.jhtimonen.fi\/index.php\/wp-json\/wp\/v2\/pages"}],"about":[{"href":"https:\/\/www.jhtimonen.fi\/index.php\/wp-json\/wp\/v2\/types\/page"}],"author":[{"embeddable":true,"href":"https:\/\/www.jhtimonen.fi\/index.php\/wp-json\/wp\/v2\/users\/1"}],"replies":[{"embeddable":true,"href":"https:\/\/www.jhtimonen.fi\/index.php\/wp-json\/wp\/v2\/comments?post=38"}],"version-history":[{"count":73,"href":"https:\/\/www.jhtimonen.fi\/index.php\/wp-json\/wp\/v2\/pages\/38\/revisions"}],"predecessor-version":[{"id":598,"href":"https:\/\/www.jhtimonen.fi\/index.php\/wp-json\/wp\/v2\/pages\/38\/revisions\/598"}],"wp:attachment":[{"href":"https:\/\/www.jhtimonen.fi\/index.php\/wp-json\/wp\/v2\/media?parent=38"}],"curies":[{"name":"wp","href":"https:\/\/api.w.org\/{rel}","templated":true}]}}